{"id":2545,"date":"2023-02-23T10:26:50","date_gmt":"2023-02-23T10:26:50","guid":{"rendered":"https:\/\/blackbulls.pt\/?page_id=2545"},"modified":"2023-02-24T19:57:54","modified_gmt":"2023-02-24T19:57:54","slug":"blackbulls-trail","status":"publish","type":"page","link":"https:\/\/blackbulls.pt\/?page_id=2545","title":{"rendered":"BlackBulls Trail"},"content":{"rendered":"\n<p>Primeiro, come\u00e7aram a correr dois, depois outros experimentaram\u2026 entretanto, j\u00e1 eram seis ou sete.<\/p>\n\n\n\n<p>Assim, em final do 2022, a BlackBulls Cycling Team passou a ter uma sec\u00e7\u00e3o de Trail Running.<\/p>\n\n\n\n<p>Nasceu a BlackBulls Trail Team.<\/p>\n\n\n\n<p>A \u201cnoticia\u201d da abertura da sec\u00e7\u00e3o de Trail da Associa\u00e7\u00e3o, fez crescer o interesse de outros atletas fora da equipa, a quererem fazer parte deste grande grupo de amigos!<\/p>\n\n\n<div class=\"wp-block-image\">\n<figure class=\"aligncenter size-large is-resized\"><a href=\"https:\/\/blackbulls.pt\/wp-content\/uploads\/2023\/02\/IMG-20230219-WA0013-2.jpg\"><img loading=\"lazy\" src=\"https:\/\/blackbulls.pt\/wp-content\/uploads\/2023\/02\/IMG-20230219-WA0013-2-1024x768.jpg\" alt=\"\" class=\"wp-image-2557\" width=\"496\" height=\"371\" srcset=\"https:\/\/blackbulls.pt\/wp-content\/uploads\/2023\/02\/IMG-20230219-WA0013-2-1024x768.jpg 1024w, https:\/\/blackbulls.pt\/wp-content\/uploads\/2023\/02\/IMG-20230219-WA0013-2-300x225.jpg 300w, https:\/\/blackbulls.pt\/wp-content\/uploads\/2023\/02\/IMG-20230219-WA0013-2-768x576.jpg 768w, https:\/\/blackbulls.pt\/wp-content\/uploads\/2023\/02\/IMG-20230219-WA0013-2-1536x1152.jpg 1536w, https:\/\/blackbulls.pt\/wp-content\/uploads\/2023\/02\/IMG-20230219-WA0013-2-920x690.jpg 920w, https:\/\/blackbulls.pt\/wp-content\/uploads\/2023\/02\/IMG-20230219-WA0013-2-230x173.jpg 230w, https:\/\/blackbulls.pt\/wp-content\/uploads\/2023\/02\/IMG-20230219-WA0013-2-350x263.jpg 350w, https:\/\/blackbulls.pt\/wp-content\/uploads\/2023\/02\/IMG-20230219-WA0013-2-480x360.jpg 480w, https:\/\/blackbulls.pt\/wp-content\/uploads\/2023\/02\/IMG-20230219-WA0013-2.jpg 2000w\" sizes=\"(max-width: 496px) 100vw, 496px\" \/><\/a><\/figure><\/div>\n\n\n<p><strong>Participa\u00e7\u00e3o em provas<\/strong><\/p>\n\n\n\n<p>Em novembro de 2022, come\u00e7ou a presen\u00e7a em provas da regi\u00e3o.<\/p>\n\n\n\n<div class=\"wp-container-3 wp-block-columns\">\n<div class=\"wp-container-1 wp-block-column\">\n<figure class=\"wp-block-image size-large\"><a href=\"https:\/\/blackbulls.pt\/wp-content\/uploads\/2023\/02\/IMG-20230219-WA0003-1.jpg\"><img loading=\"lazy\" width=\"1024\" height=\"916\" src=\"https:\/\/blackbulls.pt\/wp-content\/uploads\/2023\/02\/IMG-20230219-WA0003-1-1024x916.jpg\" alt=\"\" class=\"wp-image-2559\" srcset=\"https:\/\/blackbulls.pt\/wp-content\/uploads\/2023\/02\/IMG-20230219-WA0003-1-1024x916.jpg 1024w, https:\/\/blackbulls.pt\/wp-content\/uploads\/2023\/02\/IMG-20230219-WA0003-1-300x269.jpg 300w, https:\/\/blackbulls.pt\/wp-content\/uploads\/2023\/02\/IMG-20230219-WA0003-1-768x687.jpg 768w, https:\/\/blackbulls.pt\/wp-content\/uploads\/2023\/02\/IMG-20230219-WA0003-1-920x823.jpg 920w, https:\/\/blackbulls.pt\/wp-content\/uploads\/2023\/02\/IMG-20230219-WA0003-1-230x206.jpg 230w, https:\/\/blackbulls.pt\/wp-content\/uploads\/2023\/02\/IMG-20230219-WA0003-1-350x313.jpg 350w, https:\/\/blackbulls.pt\/wp-content\/uploads\/2023\/02\/IMG-20230219-WA0003-1-480x430.jpg 480w, https:\/\/blackbulls.pt\/wp-content\/uploads\/2023\/02\/IMG-20230219-WA0003-1.jpg 1200w\" sizes=\"(max-width: 1024px) 100vw, 1024px\" \/><\/a><\/figure>\n<\/div>\n\n\n\n<div class=\"wp-container-2 wp-block-column\"><div class=\"wp-block-image\">\n<figure class=\"aligncenter size-large\"><a href=\"https:\/\/blackbulls.pt\/wp-content\/uploads\/2023\/02\/IMG-20230219-WA0004.jpg\"><img loading=\"lazy\" width=\"1024\" height=\"916\" src=\"https:\/\/blackbulls.pt\/wp-content\/uploads\/2023\/02\/IMG-20230219-WA0004-1024x916.jpg\" alt=\"\" class=\"wp-image-2558\" srcset=\"https:\/\/blackbulls.pt\/wp-content\/uploads\/2023\/02\/IMG-20230219-WA0004-1024x916.jpg 1024w, https:\/\/blackbulls.pt\/wp-content\/uploads\/2023\/02\/IMG-20230219-WA0004-300x269.jpg 300w, https:\/\/blackbulls.pt\/wp-content\/uploads\/2023\/02\/IMG-20230219-WA0004-768x687.jpg 768w, https:\/\/blackbulls.pt\/wp-content\/uploads\/2023\/02\/IMG-20230219-WA0004-920x823.jpg 920w, https:\/\/blackbulls.pt\/wp-content\/uploads\/2023\/02\/IMG-20230219-WA0004-230x206.jpg 230w, https:\/\/blackbulls.pt\/wp-content\/uploads\/2023\/02\/IMG-20230219-WA0004-350x313.jpg 350w, https:\/\/blackbulls.pt\/wp-content\/uploads\/2023\/02\/IMG-20230219-WA0004-480x430.jpg 480w, https:\/\/blackbulls.pt\/wp-content\/uploads\/2023\/02\/IMG-20230219-WA0004.jpg 1200w\" sizes=\"(max-width: 1024px) 100vw, 1024px\" \/><\/a><\/figure><\/div><\/div>\n<\/div>\n","protected":false},"excerpt":{"rendered":"<p>Primeiro, come\u00e7aram a correr dois, depois outros experimentaram\u2026 entretanto, j\u00e1 eram seis [&hellip;]<\/p>\n","protected":false},"author":1,"featured_media":0,"parent":0,"menu_order":0,"comment_status":"closed","ping_status":"closed","template":"","meta":[],"_links":{"self":[{"href":"https:\/\/blackbulls.pt\/index.php?rest_route=\/wp\/v2\/pages\/2545"}],"collection":[{"href":"https:\/\/blackbulls.pt\/index.php?rest_route=\/wp\/v2\/pages"}],"about":[{"href":"https:\/\/blackbulls.pt\/index.php?rest_route=\/wp\/v2\/types\/page"}],"author":[{"embeddable":true,"href":"https:\/\/blackbulls.pt\/index.php?rest_route=\/wp\/v2\/users\/1"}],"replies":[{"embeddable":true,"href":"https:\/\/blackbulls.pt\/index.php?rest_route=%2Fwp%2Fv2%2Fcomments&post=2545"}],"version-history":[{"count":2,"href":"https:\/\/blackbulls.pt\/index.php?rest_route=\/wp\/v2\/pages\/2545\/revisions"}],"predecessor-version":[{"id":2560,"href":"https:\/\/blackbulls.pt\/index.php?rest_route=\/wp\/v2\/pages\/2545\/revisions\/2560"}],"wp:attachment":[{"href":"https:\/\/blackbulls.pt\/index.php?rest_route=%2Fwp%2Fv2%2Fmedia&parent=2545"}],"curies":[{"name":"wp","href":"https:\/\/api.w.org\/{rel}","templated":true}]}}