{"id":716,"date":"2014-07-02T11:32:10","date_gmt":"2014-07-02T10:32:10","guid":{"rendered":"http:\/\/blackbulls.com.pt\/?page_id=716"},"modified":"2018-02-23T19:43:47","modified_gmt":"2018-02-23T19:43:47","slug":"marathon-2014","status":"publish","type":"page","link":"https:\/\/blackbulls.pt\/?page_id=716","title":{"rendered":"BlackBulls Marathon 2016"},"content":{"rendered":"<h1 style=\"text-align: center;\">Campeonato Regional do Centro de Maratonas<\/h1>\n<p>Associa\u00e7\u00e3o de Ciclismo da Beira Litoral<br \/>\n2 de Outubro, Condeixa-a-Nova<\/p>\n<p><strong>More than a Race<\/strong><br \/>\nPor Caminhos outrora percorridos pelo Imp\u00e9rio Romano, aos milhares de aventureiros que buscam Santiago de Compostela, desde subidas magn\u00edficas at\u00e9 aos cumes mais altos onde se pode observar o Mar e a Serra e todo o seu esplendor, os magn\u00edficos trilhos marcados por gentes de outrora, as aldeias serranas, a magnifica paisagem natural entre o Rio de Mouros \u00e0s Buracas do Casmilo, passando pelo Castelo do Germanelo, com Conimbriga no horizonte, aqui est\u00e3o os ingredientes para uma Maratona inesquec\u00edvel.<\/p>\n<p>Chegados a Condeixa, \u00e9 hora de aconchegar o est\u00f4mago, j\u00e1 que a alma est\u00e1 cheia de emo\u00e7\u00f5es, o Cabrito t\u00edpico de Condeixa, ao vinho das Terras de Sic\u00f3, sem esquecer as tradicionais escarpeadas, doce t\u00edpico de Condeixa, est\u00e3o reunidas todas as condi\u00e7\u00f5es para mais uma grande festa do BTT.<\/p>\n<p>Condeixa receber\u00e1, dia 2 de Outubro o Campeonato Regional do Centro de Maratonas, uma Ode ao BTT e \u00e0 fam\u00edlia Betetista.<\/p>\n<p style=\"text-align: center;\"><a href=\"http:\/\/blackbulls.pt\/marathon\/\"><img loading=\"lazy\" class=\"size-medium wp-image-1441 aligncenter\" src=\"http:\/\/blackbulls.pt\/wp-content\/uploads\/2014\/07\/BBM_2016_red-212x300.jpg\" alt=\"BBM_2016_red\" width=\"212\" height=\"300\" srcset=\"https:\/\/blackbulls.pt\/wp-content\/uploads\/2014\/07\/BBM_2016_red-212x300.jpg 212w, https:\/\/blackbulls.pt\/wp-content\/uploads\/2014\/07\/BBM_2016_red-768x1085.jpg 768w, https:\/\/blackbulls.pt\/wp-content\/uploads\/2014\/07\/BBM_2016_red-725x1024.jpg 725w, https:\/\/blackbulls.pt\/wp-content\/uploads\/2014\/07\/BBM_2016_red.jpg 1754w\" sizes=\"(max-width: 212px) 100vw, 212px\" \/><\/a><\/p>\n<p>A BlackBulls Marathon 2016, Campeonato Regional do Centro de XCM e todos os eventos correlacionados s\u00e3o promovidos e organizados pelo N\u00facleo de Ciclismo BlackBulls, do Clube de Condeixa, com homologa\u00e7\u00e3o da Associa\u00e7\u00e3o de Ciclismo da Beira Litoral, da Federa\u00e7\u00e3o Portuguesa de Ciclismo, Camara Municipal de Condeixa.<\/p>\n<p><img loading=\"lazy\" class=\"aligncenter size-medium wp-image-1448\" src=\"http:\/\/blackbulls.pt\/wp-content\/uploads\/2014\/07\/Jersey2016-300x212.png\" alt=\"Jersey2016\" width=\"300\" height=\"212\" srcset=\"https:\/\/blackbulls.pt\/wp-content\/uploads\/2014\/07\/Jersey2016-300x212.png 300w, https:\/\/blackbulls.pt\/wp-content\/uploads\/2014\/07\/Jersey2016-768x543.png 768w, https:\/\/blackbulls.pt\/wp-content\/uploads\/2014\/07\/Jersey2016-1024x724.png 1024w, https:\/\/blackbulls.pt\/wp-content\/uploads\/2014\/07\/Jersey2016.png 1754w\" sizes=\"(max-width: 300px) 100vw, 300px\" \/>Classifica\u00e7\u00f5es no site da Sportchip,\u00a0<a href=\"http:\/\/sportchip.net\/wp\/2016out02_xcm_blackbulls\/\">verifica aqui!\u00a0<\/a><\/p>\n","protected":false},"excerpt":{"rendered":"<p>Campeonato Regional do Centro de Maratonas Associa\u00e7\u00e3o de Ciclismo da Beira Litoral [&hellip;]<\/p>\n","protected":false},"author":1,"featured_media":0,"parent":0,"menu_order":0,"comment_status":"closed","ping_status":"closed","template":"","meta":[],"_links":{"self":[{"href":"https:\/\/blackbulls.pt\/index.php?rest_route=\/wp\/v2\/pages\/716"}],"collection":[{"href":"https:\/\/blackbulls.pt\/index.php?rest_route=\/wp\/v2\/pages"}],"about":[{"href":"https:\/\/blackbulls.pt\/index.php?rest_route=\/wp\/v2\/types\/page"}],"author":[{"embeddable":true,"href":"https:\/\/blackbulls.pt\/index.php?rest_route=\/wp\/v2\/users\/1"}],"replies":[{"embeddable":true,"href":"https:\/\/blackbulls.pt\/index.php?rest_route=%2Fwp%2Fv2%2Fcomments&post=716"}],"version-history":[{"count":54,"href":"https:\/\/blackbulls.pt\/index.php?rest_route=\/wp\/v2\/pages\/716\/revisions"}],"predecessor-version":[{"id":2229,"href":"https:\/\/blackbulls.pt\/index.php?rest_route=\/wp\/v2\/pages\/716\/revisions\/2229"}],"wp:attachment":[{"href":"https:\/\/blackbulls.pt\/index.php?rest_route=%2Fwp%2Fv2%2Fmedia&parent=716"}],"curies":[{"name":"wp","href":"https:\/\/api.w.org\/{rel}","templated":true}]}}